{"id":194,"date":"2023-07-26T17:46:28","date_gmt":"2023-07-26T15:46:28","guid":{"rendered":"http:\/\/wzaciszu.com\/?page_id=194"},"modified":"2026-02-16T17:24:26","modified_gmt":"2026-02-16T16:24:26","slug":"regulamin","status":"publish","type":"page","link":"http:\/\/wzaciszu.com\/index.php\/regulamin\/","title":{"rendered":"Regulamin"},"content":{"rendered":"\n<h4 class=\"wp-block-heading has-vivid-green-cyan-background-color has-background\">Regulamin wynajmu apartamentu \/ domku na terenie obiektu \u201eW zaciszu\u201d w Kamienicy kr\u00f3lewskiej.<\/h4>\n\n\n\n<ol start=\"1\" class=\"wp-block-list\">\n<li>Wst\u0119pna rezerwacja terminu wynajmu domku mo\u017cliwa jest telefonicznie lub mailowo.<\/li>\n\n\n\n<li>Warunkiem potwierdzenia wst\u0119pnej rezerwacji jest wp\u0142ata zadatku w kwocie 30% warto\u015bci wynajmu, w terminie wskazanym w potwierdzeniu wst\u0119pnej rezerwacji wysy\u0142anej drog\u0105 mailow\u0105.<\/li>\n\n\n\n<li>Brak wp\u0142aty zadatku we wskazanym terminie skutkuje anulowaniem wst\u0119pnej rezerwacji.<\/li>\n\n\n\n<li>W przypadku rezygnacji z rezerwacji p\u00f3\u017aniej ni\u017c 14 dni przed ustalonym przyjazdem wp\u0142acony zadatek nie podlega zwrotowi.<\/li>\n\n\n\n<li>Op\u0142ata za wynajem &nbsp;pobierana jest z g\u00f3ry got\u00f3wk\u0105 przy pobieraniu kluczy.<\/li>\n\n\n\n<li>W dniu przyjazdu zostanie pobrana zwrotna kaucja w wysoko\u015bci 300 z\u0142. na pokrycie ewentualnych zniszcze\u0144 itp.<\/li>\n\n\n\n<li>W przypadku skr\u00f3cenia wynajmu przez Go\u015bci, pobrana op\u0142ata za wynajem jest<br>bezzwrotna.<\/li>\n\n\n\n<li>Wynajmuj\u0105cy zobowi\u0105zany s\u0105 do okazania dokumentu to\u017csamo\u015bci w celu zameldowania.<br>Zameldowanie odbywa si\u0119 z dokumentu stwierdzaj\u0105cego to\u017csamo\u015b\u0107 osoby np.: dow\u00f3d osobisty, prawo jazdy, paszport.<\/li>\n\n\n\n<li>Wynajmuj\u0105cy otrzymuje jeden klucz do drzwi wej\u015bciowych \u2013 jego zgubienie skutkuje naliczeniem dodatkowej op\u0142aty w wysoko\u015bci 50 z\u0142.<\/li>\n\n\n\n<li>Doba zaczyna si\u0119 o godzinie 16, a ko\u0144czy si\u0119 o godzinie 10.<\/li>\n\n\n\n<li>Brak przyjazdu Go\u015bci bez wcze\u015bniejszej informacji do godziny 12 dnia nast\u0119pnego, po dniu um\u00f3wionego wynajmu, oznacza rezygnacj\u0119 z wynajmu. Gospodarz mo\u017ce odst\u0105pi\u0107 miejsce innej osobie.<\/li>\n\n\n\n<li>Wynajmuj\u0105cy ponosz\u0105 dodatkow\u0105 op\u0142at\u0119 za pr\u0105d, wed\u0142ug wskaza\u0144 licznika i obowi\u0105zuj\u0105cej stawki za kWh.<\/li>\n\n\n\n<li>Prosimy o zdanie wynajmowanego apartamentu \/ domku &nbsp;w stanie zbli\u017conym do tego, w jakim Pa\u0144stwo go otrzymali. Z regu\u0142y nie pobieramy dodatkowej op\u0142aty za ko\u0144cowe sprz\u0105tanie, ale w przypadku pozostawienia ra\u017c\u0105cego nie\u0142adu (np. rozrzucone \u015bmieci, brudne naczynia,<br>plamy na kanapie itp.) Go\u015bcie b\u0119d\u0105 proszeni o jego uprz\u0105tni\u0119cie lub zostan\u0105 obci\u0105\u017ceni dodatkowym kosztem w wysoko\u015bci 100 z\u0142.<\/li>\n\n\n\n<li>Go\u015bcie ponosz\u0105 ca\u0142kowit\u0105 odpowiedzialno\u015b\u0107 materialn\u0105 za wszelkiego rodzaju<br>uszkodzenia lub zniszczenia przedmiot\u00f3w wyposa\u017cenia lub urz\u0105dze\u0144 technicznych powsta\u0142e w trakcie wynajmu.<\/li>\n\n\n\n<li>W apartamencie \/ domku obowi\u0105zuje ca\u0142kowity i kategoryczny zakaz palenia wyrob\u00f3w tytoniowych i papieros\u00f3w elektronicznych pod rygorem<br>usuni\u0119cia z obiektu.<\/li>\n\n\n\n<li>Na terenie posesji obowi\u0105zuje cisza nocna w godzinach 22:00-7:00.<\/li>\n\n\n\n<li>Osoby niezameldowane mog\u0105 przebywa\u0107 na terenie posesji wy\u0142\u0105cznie za wyra\u017an\u0105 zgod\u0105 Gospodarza.<\/li>\n\n\n\n<li>Gospodarz nie ponosi odpowiedzialno\u015bci z tytu\u0142u utraty lub uszkodzenia pieni\u0119dzy, papier\u00f3w warto\u015bciowych, kosztowno\u015bci albo przedmiot\u00f3w maj\u0105cych warto\u015b\u0107 naukow\u0105 lub artystyczn\u0105 lub innych rzeczy materialnych Go\u015bci.<\/li>\n\n\n\n<li>Gospodarz zapewnia bezp\u0142atne miejsce parkingowe na terenie obiektu, aczkolwiek nie ponosi odpowiedzialno\u015bci za uszkodzenie, utrat\u0119 samochodu lub innego pojazdu. Parking ogrodzony, niestrze\u017cony<\/li>\n\n\n\n<li>Obowi\u0105zuje bezwzgl\u0119dny zakaz wjazdu na teren posesji samochod\u00f3w oraz innych pojazd\u00f3w mechanicznych os\u00f3b nie b\u0119d\u0105cych naszymi Go\u015b\u0107mi.<\/li>\n\n\n\n<li>Go\u015bcie nie maj\u0105 prawa przekazywa\u0107 zwalnianego przez siebie lokalu innym osobom, nawet je\u015bli nie up\u0142yn\u0105\u0142 okres, za kt\u00f3ry ui\u015bcili nale\u017cn\u0105 op\u0142at\u0119.<\/li>\n\n\n\n<li>Gospodarz ma prawo usun\u0105\u0107 Go\u015bci przed zako\u0144czeniem terminu wynajmu w przypadku naruszenia przez nich zasad wsp\u00f3\u0142\u017cycia spo\u0142ecznego i bezpiecze\u0144stwa, a tak\u017ce gdy Go\u015bcie naruszaj\u0105 porz\u0105dek i spok\u00f3j. Mo\u017cliwe jest to po dwukrotnym ostrze\u017ceniu o konsekwencji niew\u0142a\u015bciwego lub niebezpiecznego zachowania. W tym przypadku nie nast\u0119puje zwrot pieni\u0119dzy za wynajem.<\/li>\n\n\n\n<li>Gospodarz oddaje do u\u017cytku plac zabaw dla dzieci (m. in. piaskownica, hu\u015btawki, trampolina), jednak nie ponosi odpowiedzialno\u015bci za bezpiecze\u0144stwo i zdrowie korzystaj\u0105cych z niego dzieci. Ca\u0142kowit\u0105 odpowiedzialno\u015b\u0107 ponosz\u0105 rodzice b\u0105d\u017a opiekunowie prawni.<\/li>\n\n\n\n<li>Gospodarz nie prowadzi us\u0142ug serwisu pokojowego oraz sprz\u0105tania podczas pobytu, dlatego obowi\u0105zkiem osoby wynajmuj\u0105cej jest utrzymanie og\u00f3lnego porz\u0105dku w wynaj\u0119tym domku, jego obr\u0119bie.<\/li>\n\n\n\n<li>Istnieje mo\u017cliwo\u015b\u0107 przyjazdu z dobrze u\u0142o\u017conym zwierz\u0119ciem domowym po wcze\u015bniejszym uzgodnieniu z Gospodarzem. W\u0142a\u015bciciel jest odpowiedzialny za utrzymanie czysto\u015bci.<\/li>\n\n\n\n<li>W momencie wp\u0142aty zadatku, Go\u015b\u0107 potwierdza zapoznanie si\u0119 z niniejszym Regulaminem i wyra\u017ca zgod\u0119 na warunki w nim zawarte.<\/li>\n\n\n\n<li>Osoby wynajmuj\u0105ce domek wyra\u017caj\u0105 zgod\u0119 na przechowywanie i przetwarzanie danych osobowych zgodnie z ustaw\u0105 o ochronie danych osobowych U. z 2002 r. nr 101, poz. 926<\/li>\n<\/ol>\n\n\n<div class=\"wp-block-image\">\n<figure class=\"aligncenter size-full\"><img loading=\"lazy\" decoding=\"async\" width=\"102\" height=\"102\" src=\"http:\/\/wzaciszu.com\/wp-content\/uploads\/2023\/06\/cropped-w-zaciszu-\u2022-gwarancja-dobrego-wypoczynku-\u2022-1_preview_rev_1.png\" alt=\"\" class=\"wp-image-153\" srcset=\"http:\/\/wzaciszu.com\/wp-content\/uploads\/2023\/06\/cropped-w-zaciszu-\u2022-gwarancja-dobrego-wypoczynku-\u2022-1_preview_rev_1.png 102w, http:\/\/wzaciszu.com\/wp-content\/uploads\/2023\/06\/cropped-w-zaciszu-\u2022-gwarancja-dobrego-wypoczynku-\u2022-1_preview_rev_1-100x100.png 100w\" sizes=\"auto, (max-width: 102px) 100vw, 102px\" \/><\/figure>\n<\/div>","protected":false},"excerpt":{"rendered":"<p>Regulamin wynajmu apartamentu \/ domku na terenie obiektu \u201eW zaciszu\u201d w Kamienicy kr\u00f3lewskiej.<\/p>\n","protected":false},"author":1,"featured_media":0,"parent":0,"menu_order":0,"comment_status":"closed","ping_status":"closed","template":"","meta":{"footnotes":""},"class_list":["post-194","page","type-page","status-publish","hentry"],"_links":{"self":[{"href":"http:\/\/wzaciszu.com\/index.php\/wp-json\/wp\/v2\/pages\/194","targetHints":{"allow":["GET"]}}],"collection":[{"href":"http:\/\/wzaciszu.com\/index.php\/wp-json\/wp\/v2\/pages"}],"about":[{"href":"http:\/\/wzaciszu.com\/index.php\/wp-json\/wp\/v2\/types\/page"}],"author":[{"embeddable":true,"href":"http:\/\/wzaciszu.com\/index.php\/wp-json\/wp\/v2\/users\/1"}],"replies":[{"embeddable":true,"href":"http:\/\/wzaciszu.com\/index.php\/wp-json\/wp\/v2\/comments?post=194"}],"version-history":[{"count":6,"href":"http:\/\/wzaciszu.com\/index.php\/wp-json\/wp\/v2\/pages\/194\/revisions"}],"predecessor-version":[{"id":599,"href":"http:\/\/wzaciszu.com\/index.php\/wp-json\/wp\/v2\/pages\/194\/revisions\/599"}],"wp:attachment":[{"href":"http:\/\/wzaciszu.com\/index.php\/wp-json\/wp\/v2\/media?parent=194"}],"curies":[{"name":"wp","href":"https:\/\/api.w.org\/{rel}","templated":true}]}}