{"id":98,"date":"2023-06-11T19:42:35","date_gmt":"2023-06-11T17:42:35","guid":{"rendered":"http:\/\/wzaciszu.com\/?page_id=98"},"modified":"2026-02-16T17:22:06","modified_gmt":"2026-02-16T16:22:06","slug":"o-nas","status":"publish","type":"page","link":"http:\/\/wzaciszu.com\/index.php\/o-nas\/","title":{"rendered":"Informacje"},"content":{"rendered":"\n<p class=\"has-black-color has-text-color\"><\/p>\n\n\n\n<h3 class=\"wp-block-heading has-vivid-green-cyan-background-color has-background\">Ca\u0142oroczny wypoczynek na Kaszubach \u2013 apartamenty i domek w Kamienicy Kr\u00f3lewskiej<\/h3>\n\n\n<div class=\"wp-block-image\">\n<figure class=\"alignleft size-full is-resized\"><a href=\"http:\/\/wzaciszu.com\/wp-content\/uploads\/2023\/07\/DSC06009.jpg\"><img loading=\"lazy\" decoding=\"async\" width=\"700\" height=\"467\" src=\"http:\/\/wzaciszu.com\/wp-content\/uploads\/2023\/07\/DSC06009.jpg\" alt=\"\" class=\"wp-image-267\" style=\"aspect-ratio:1.4973821989528795;width:421px;height:auto\" srcset=\"http:\/\/wzaciszu.com\/wp-content\/uploads\/2023\/07\/DSC06009.jpg 700w, http:\/\/wzaciszu.com\/wp-content\/uploads\/2023\/07\/DSC06009-300x200.jpg 300w\" sizes=\"auto, (max-width: 700px) 100vw, 700px\" \/><\/a><\/figure>\n<\/div>\n\n\n<p class=\"has-drop-cap has-black-color has-text-color has-link-color wp-elements-6fe414089e3094ea89c482a0614c9669\">Zapraszamy do ca\u0142orocznego obiektu turystycznego w <strong>Kamienicy Kr\u00f3lewskiej<\/strong>, po\u0142o\u017conego na terenie Kaszubski Park Krajobrazowy, na skraju powiat\u00f3w kartuskiego i wejherowskiego. To miejsce stworzone dla os\u00f3b, kt\u00f3re szukaj\u0105 ciszy, blisko\u015bci natury i prawdziwego wypoczynku z dala od miejskiego zgie\u0142ku.<\/p>\n\n\n\n<p class=\"has-black-color has-text-color has-link-color wp-elements-ccdc0532b7d1a05a538451e6126708a9\">Graniczymy z urokliw\u0105 rzeczk\u0105, a za naszym terenem rozci\u0105ga si\u0119 ju\u017c tylko las. Do Jezioro Junno z nowo otwartym k\u0105pieliskiem dotr\u0105 Pa\u0144stwo spacerem w zaledwie 15 minut. W sezonie letnim nad bezpiecze\u0144stwem czuwa ratownik, do dyspozycji go\u015bci jest piaszczysto-trawiasty brzeg, nowy pomost z altanami i \u0142aweczkami, bar, sanitariaty oraz bezp\u0142atny parking. Istnieje r\u00f3wnie\u017c mo\u017cliwo\u015b\u0107 w\u0119dkowania i wypo\u017cyczenia \u0142\u00f3dki za niewielk\u0105 op\u0142at\u0105.<\/p>\n\n\n\n<p class=\"has-black-color has-text-color has-link-color wp-elements-70933de4ff22ecec1997fc1ca388bdf7\">Las, cisza, spok\u00f3j, \u015bpiew ptak\u00f3w i sezonowe grzyby \u2013 czy w\u0142a\u015bnie tego szukasz? Urokliwe doliny, pag\u00f3rki, rozleg\u0142e lasy i krystaliczne jeziora sprawiaj\u0105, \u017ce czas p\u0142ynie tu wolniej, a wspomnienia z pobytu na Kaszubach pozostaj\u0105 na d\u0142ugo.<\/p>\n\n\n\n<h3 class=\"wp-block-heading has-vivid-green-cyan-background-color has-background\">Komfort przez ca\u0142y rok<\/h3>\n\n\n\n<p class=\"has-black-color has-text-color has-link-color wp-elements-47377fae33eed6eae5fc8c435f1299ce\">Oferujemy komfortowe apartamenty oraz drewniany domek do wynaj\u0119cia \u2013 idealne zar\u00f3wno dla rodzin, par, jak i grup przyjaci\u00f3\u0142.<br>W ca\u0142ym obiekcie dost\u0119pne jest bezp\u0142atne Wi-Fi, a posesja jest ogrodzona i zapewnia bezp\u0142atny parking dla go\u015bci.<\/p>\n\n\n\n<p class=\"has-black-color has-text-color has-link-color wp-elements-f738aaaeef732836600ec96b5e6dfdf9\">Koszt wynajmu apartamentu (minimum 2 doby) wynosi 350 z\u0142 za dob\u0119 + op\u0142ata za pr\u0105d wed\u0142ug wskaza\u0144 licznika.<\/p>\n\n\n\n<p class=\"has-black-color has-text-color has-link-color wp-elements-1469bf770f918985fcf60d75851fd6fb\">W dniu przyjazdu pobierana jest kaucja zwrotna w wysoko\u015bci 300z\u0142.<br>Doba zaczyna si\u0119 od 16.00 ko\u0144czy o 10.00<br>Miejsce przyjazne zwierz\u0119tom \u2013 akceptujemy dobrze u\u0142o\u017cone, zwierz\u0119ta domowe, kt\u00f3rych w\u0142a\u015bciciele dbaj\u0105 o komfort s\u0105siad\u00f3w oraz czysto\u015b\u0107.<\/p>\n\n\n\n<h3 class=\"wp-block-heading has-black-color has-vivid-green-cyan-background-color has-text-color has-background has-link-color wp-elements-9f7cee05e202d741b7158024c2da3562\">Relaks i aktywny wypoczynek<\/h3>\n\n\n\n<p class=\"has-black-color has-text-color has-link-color wp-elements-48bdabf6fdcd764e8c88ff659ffe798f\"><strong>Na terenie obiektu czeka na Pa\u0144stwa:<\/strong><\/p>\n\n\n\n<ul class=\"wp-block-list\">\n<li>&#8211; bania z hydromasa\u017cem i masa\u017cem wodnym \u2013 idealna na wieczorny relaks o ka\u017cdej porze roku,<\/li>\n\n\n\n<li>&#8211; miejsce na ognisko i grillowanie,<\/li>\n\n\n\n<li>&#8211; du\u017cy, zielony teren do gier i zabaw,<\/li>\n\n\n\n<li>&#8211; mo\u017cliwo\u015b\u0107 gry w siatk\u00f3wk\u0119 i pi\u0142k\u0119 no\u017cn\u0105,<\/li>\n\n\n\n<li>&#8211; plac zabaw i trampolina dla najm\u0142odszych.<\/li>\n<\/ul>\n\n\n\n<p class=\"has-black-color has-text-color has-link-color wp-elements-55865418882fbd6f087c9631edba4052\"><strong>W rejonie obiektu:<\/strong><\/p>\n\n\n\n<ul class=\"wp-block-list\">\n<li>Trasy rowerowe<\/li>\n\n\n\n<li>Nordic walking<\/li>\n\n\n\n<li>W\u0119dr\u00f3wki piesze<\/li>\n\n\n\n<li>Wypo\u017cyczalnia sprz\u0119tu wodnego: \u0142\u00f3dki, rowerki itp.<\/li>\n\n\n\n<li>Park linowy<\/li>\n\n\n\n<li>Kr\u0119gle<\/li>\n\n\n\n<li>Zje\u017cd\u017calnia pontonowa<\/li>\n\n\n\n<li>Wakeboarding<\/li>\n<\/ul>\n\n\n\n<p class=\"has-black-color has-text-color has-link-color wp-elements-e31cb02d7032fe42bd9a97fa42beed16\"><strong>Miejsca warte odwiedzenia:<\/strong><br><br>Jest to doskona\u0142e miejsce na wypoczynek na \u0142onie natury, a tak\u017ce miejsce wypadowe np. nad morze:<br>do \u0141eby jest zaledwie 50 km.,<br>do Tr\u00f3jmiasta 60 km.<\/p>\n\n\n\n<ul class=\"wp-block-list\">\n<li>Park Edukacyjny&nbsp;ZOO Egzotyczne Kaszuby Tuchlino \u2013 14 km.<\/li>\n\n\n\n<li>Kaszubski Park Miniatur, Park Gigant\u00f3w, Kaszubski Gracik Mirachowo \u2013 Strysza Buda \u2013 14 km.<\/li>\n\n\n\n<li>Park Dinozaur\u00f3w \u2013 \u0141eba \u2013 49 km.<\/li>\n\n\n\n<li>Farma Alexa rolniczy&nbsp;park rozrywki dla dziech Charbrowo\/k. \u0141eby \u2013 42 km.<\/li>\n\n\n\n<li>Aquapark Reda \u2013 zje\u017cd\u017calnia z rekinami&nbsp; \u2013 50 km.<\/li>\n\n\n\n<li>Muzeum Kolejnictwa w Ko\u015bcierzynie \u2013 38 km.<\/li>\n\n\n\n<li>Wie\u017ca widokowa Wie\u017cyca \u2013 38 km.<\/li>\n\n\n\n<li>Muzeum Techniki Wojskowej GRYF w D\u0105br\u00f3wce k.&nbsp;Wejherowa- 36 km.<\/li>\n\n\n\n<li>Kaszubski Park Etnograficzny we Wdzydzach Kiszewkich \u2013 55 km.<\/li>\n\n\n\n<li>Dom do g\u00f3ry nogami w Szymbarku \u2013 37 km.<\/li>\n\n\n\n<li>Wie\u017ca widokowa Kaszubskie Oko w Gniewinie \u2013 50 km.<\/li>\n\n\n\n<li>Z\u0142ota G\u00f3ra punkt widokowy \u2013 okolice Kartuz \u2013 30 km.<\/li>\n\n\n\n<li>Osada \u015aredniowieczna S\u0142awutowo \u2013 59 km.<\/li>\n\n\n\n<li>S\u0142owi\u0144ski Park Narodowy \u2013 Smo\u0142dzino\/ \u0141eba 55 km.<\/li>\n<\/ul>\n\n\n\n<p class=\"has-black-color has-text-color has-link-color wp-elements-14d2feb6b483623f129e82c73b8c7eb4\">Jeste\u015bmy Kaszubami z dziada pradziada. Od urodzenia mieszkamy w naszej ukochanej Kamienicy Kr\u00f3lewskiej i z rado\u015bci\u0105 dzielimy si\u0119 z Go\u015b\u0107mi tym wyj\u0105tkowym miejscem.<\/p>\n\n\n\n<p class=\"has-black-color has-text-color has-link-color wp-elements-11d98788ed5c1210533269c312ff9a48\">Serdecznie zapraszamy do wypoczynku w sercu kaszubskiej przyrody \u2013 miejscu, do kt\u00f3rego chce si\u0119 wraca\u0107.<\/p>\n\n\n<div class=\"wp-block-image\">\n<figure class=\"aligncenter size-full\"><img loading=\"lazy\" decoding=\"async\" width=\"102\" height=\"102\" src=\"http:\/\/wzaciszu.com\/wp-content\/uploads\/2023\/06\/cropped-w-zaciszu-\u2022-gwarancja-dobrego-wypoczynku-\u2022-1_preview_rev_1.png\" alt=\"\" class=\"wp-image-153\" srcset=\"http:\/\/wzaciszu.com\/wp-content\/uploads\/2023\/06\/cropped-w-zaciszu-\u2022-gwarancja-dobrego-wypoczynku-\u2022-1_preview_rev_1.png 102w, http:\/\/wzaciszu.com\/wp-content\/uploads\/2023\/06\/cropped-w-zaciszu-\u2022-gwarancja-dobrego-wypoczynku-\u2022-1_preview_rev_1-100x100.png 100w\" sizes=\"auto, (max-width: 102px) 100vw, 102px\" \/><\/figure>\n<\/div>\n\n\n<p><\/p>\n","protected":false},"excerpt":{"rendered":"<p>Ca\u0142oroczny wypoczynek na Kaszubach \u2013 apartamenty i domek w Kamienicy Kr\u00f3lewskiej Zapraszamy do ca\u0142orocznego obiektu turystycznego w Kamienicy Kr\u00f3lewskiej, po\u0142o\u017conego na terenie Kaszubski Park Krajobrazowy, na skraju powiat\u00f3w kartuskiego i wejherowskiego. To miejsce stworzone dla os\u00f3b, kt\u00f3re szukaj\u0105 ciszy, blisko\u015bci natury i prawdziwego wypoczynku z dala od miejskiego zgie\u0142ku. Graniczymy z urokliw\u0105 rzeczk\u0105, a za [&hellip;]<\/p>\n","protected":false},"author":1,"featured_media":0,"parent":0,"menu_order":0,"comment_status":"closed","ping_status":"closed","template":"","meta":{"footnotes":""},"class_list":["post-98","page","type-page","status-publish","hentry"],"_links":{"self":[{"href":"http:\/\/wzaciszu.com\/index.php\/wp-json\/wp\/v2\/pages\/98","targetHints":{"allow":["GET"]}}],"collection":[{"href":"http:\/\/wzaciszu.com\/index.php\/wp-json\/wp\/v2\/pages"}],"about":[{"href":"http:\/\/wzaciszu.com\/index.php\/wp-json\/wp\/v2\/types\/page"}],"author":[{"embeddable":true,"href":"http:\/\/wzaciszu.com\/index.php\/wp-json\/wp\/v2\/users\/1"}],"replies":[{"embeddable":true,"href":"http:\/\/wzaciszu.com\/index.php\/wp-json\/wp\/v2\/comments?post=98"}],"version-history":[{"count":15,"href":"http:\/\/wzaciszu.com\/index.php\/wp-json\/wp\/v2\/pages\/98\/revisions"}],"predecessor-version":[{"id":595,"href":"http:\/\/wzaciszu.com\/index.php\/wp-json\/wp\/v2\/pages\/98\/revisions\/595"}],"wp:attachment":[{"href":"http:\/\/wzaciszu.com\/index.php\/wp-json\/wp\/v2\/media?parent=98"}],"curies":[{"name":"wp","href":"https:\/\/api.w.org\/{rel}","templated":true}]}}